{"id":106,"date":"2024-02-05T11:45:20","date_gmt":"2024-02-05T04:45:20","guid":{"rendered":"https:\/\/tiny.vn\/blog\/?page_id=106"},"modified":"2024-02-28T11:33:45","modified_gmt":"2024-02-28T04:33:45","slug":"blog-2","status":"publish","type":"page","link":"https:\/\/tiny.vn\/blog\/","title":{"rendered":"Blog"},"content":{"rendered":"<div id=\"ez-toc-container\" class=\"ez-toc-v2_0_83 counter-hierarchy ez-toc-counter ez-toc-grey ez-toc-container-direction\">\n<div class=\"ez-toc-title-container\">\n<p class=\"ez-toc-title\" style=\"cursor:inherit\">N\u1ed9i dung b\u00e0i vi\u1ebft<\/p>\n<span class=\"ez-toc-title-toggle\"><a href=\"#\" class=\"ez-toc-pull-right ez-toc-btn ez-toc-btn-xs ez-toc-btn-default ez-toc-toggle\" aria-label=\"Toggle Table of Content\"><span class=\"ez-toc-js-icon-con\"><span class=\"\"><span class=\"eztoc-hide\" style=\"display:none;\">Toggle<\/span><span class=\"ez-toc-icon-toggle-span\"><svg style=\"fill: #999;color:#999\" xmlns=\"http:\/\/www.w3.org\/2000\/svg\" class=\"list-377408\" width=\"20px\" height=\"20px\" viewBox=\"0 0 24 24\" fill=\"none\"><path d=\"M6 6H4v2h2V6zm14 0H8v2h12V6zM4 11h2v2H4v-2zm16 0H8v2h12v-2zM4 16h2v2H4v-2zm16 0H8v2h12v-2z\" fill=\"currentColor\"><\/path><\/svg><svg style=\"fill: #999;color:#999\" class=\"arrow-unsorted-368013\" xmlns=\"http:\/\/www.w3.org\/2000\/svg\" width=\"10px\" height=\"10px\" viewBox=\"0 0 24 24\" version=\"1.2\" baseProfile=\"tiny\"><path d=\"M18.2 9.3l-6.2-6.3-6.2 6.3c-.2.2-.3.4-.3.7s.1.5.3.7c.2.2.4.3.7.3h11c.3 0 .5-.1.7-.3.2-.2.3-.5.3-.7s-.1-.5-.3-.7zM5.8 14.7l6.2 6.3 6.2-6.3c.2-.2.3-.5.3-.7s-.1-.5-.3-.7c-.2-.2-.4-.3-.7-.3h-11c-.3 0-.5.1-.7.3-.2.2-.3.5-.3.7s.1.5.3.7z\"\/><\/svg><\/span><\/span><\/span><\/a><\/span><\/div>\n<nav><ul class='ez-toc-list ez-toc-list-level-1 ' ><li class='ez-toc-page-1 ez-toc-heading-level-1'><a class=\"ez-toc-link ez-toc-heading-1\" href=\"https:\/\/tiny.vn\/blog\/dich-vu-cho-thue-game-ban-quyen-gia-re\/1256\/#Dich_vu_cho_thue_game_ban_quyen_gia_re\" >D\u1ecbch v\u1ee5 cho thu\u00ea game b\u1ea3n quy\u1ec1n gi\u00e1 r\u1ebb<\/a><ul class='ez-toc-list-level-2' ><li class='ez-toc-heading-level-2'><a class=\"ez-toc-link ez-toc-heading-2\" href=\"https:\/\/tiny.vn\/blog\/dich-vu-cho-thue-game-ban-quyen-gia-re\/1256\/#Gioi_thieu_ve_dich_vu_thue_game_ban_quyen_gia_re\" >Gi\u1edbi thi\u1ec7u v\u1ec1 d\u1ecbch v\u1ee5 thu\u00ea game b\u1ea3n quy\u1ec1n gi\u00e1 r\u1ebb<\/a><\/li><li class='ez-toc-page-1 ez-toc-heading-level-2'><a class=\"ez-toc-link ez-toc-heading-3\" href=\"https:\/\/tiny.vn\/blog\/dich-vu-cho-thue-game-ban-quyen-gia-re\/1256\/#Dich_vu_cho_thue_game_ban_quyen_gia_re-2\" >D\u1ecbch v\u1ee5 cho thu\u00ea game b\u1ea3n quy\u1ec1n gi\u00e1 r\u1ebb<\/a><\/li><\/ul><\/li><\/ul><\/nav><\/div>\n\t<section class=\"section pr-0 pl-0\" id=\"section_1148774108\">\n\t\t<div class=\"bg section-bg fill bg-fill bg-loaded \" >\n\n\t\t\t\n\t\t\t\n\t\t\t\n\n\t\t<\/div>\n\n\t\t\n\n\t\t<div class=\"section-content relative\">\n\t\t\t\n<div class=\"row align-center\"  id=\"row-884713632\">\n\n\t<div id=\"col-617866613\" class=\"col medium-10 small-12 large-10\"  >\n\t\t\t\t<div class=\"col-inner\"  >\n\t\t\t\n\t\t\t\n\t<div id=\"text-2597968463\" class=\"text\">\n\t\t\n<h2>Tiny.vn l\u00e0 <a href=\"https:\/\/www.facebook.com\/giampingchoigame\" rel=\"noopener\">ph\u1ea7n m\u1ec1m gi\u1ea3m ping<\/a>, <a href=\"https:\/\/tiny.vn\">gi\u1ea3m<\/a> lag t\u0103ng t\u1ed1c \u0111\u1ed9 internet cho game th\u1ee7.<\/h2>\n<h2>Gi\u00fap game th\u1ee7 tr\u1ea3i nghi\u1ec7m ch\u01a1i game m\u01b0\u1ee3t m\u00e0 h\u01a1n.<\/h2>\n<p><img loading=\"lazy\" decoding=\"async\" class=\"alignnone wp-image-239 size-medium\" src=\"https:\/\/tiny.vn\/blog\/wp-content\/uploads\/2024\/02\/TINY.VN-LOGO-02-480x480.png\" alt=\"gi\u1ea3m lag\" width=\"480\" height=\"480\" srcset=\"https:\/\/tiny.vn\/blog\/wp-content\/uploads\/2024\/02\/TINY.VN-LOGO-02-480x480.png 480w, https:\/\/tiny.vn\/blog\/wp-content\/uploads\/2024\/02\/TINY.VN-LOGO-02-1080x1080.png 1080w, https:\/\/tiny.vn\/blog\/wp-content\/uploads\/2024\/02\/TINY.VN-LOGO-02-768x768.png 768w, https:\/\/tiny.vn\/blog\/wp-content\/uploads\/2024\/02\/TINY.VN-LOGO-02-1536x1536.png 1536w, https:\/\/tiny.vn\/blog\/wp-content\/uploads\/2024\/02\/TINY.VN-LOGO-02-2048x2048.png 2048w\" sizes=\"auto, (max-width: 480px) 100vw, 480px\" \/><\/p>\n\t\t\n<style>\n#text-2597968463 {\n  text-align: center;\n}\n<\/style>\n\t<\/div>\n\t\n\t\t<\/div>\n\t\t\t\t\t<\/div>\n\n\t\n<\/div>\n\n  \n    <div class=\"row large-columns-3 medium-columns-2 small-columns-1\">\n  <div class=\"col post-item\" data-animate=\"fadeInUp\">\n\t\t\t<div class=\"col-inner\">\n\t\t\t<a href=\"https:\/\/tiny.vn\/blog\/phan-mem-giam-lag-chuyen-dung\/1278\/\" class=\"plain\">\n\t\t\t\t<div class=\"box box-normal box-text-bottom box-blog-post has-hover\">\n            \t\t\t\t\t<div class=\"box-image\" >\n  \t\t\t\t\t\t<div class=\"image-zoom-fade image-cover\" style=\"padding-top:56.25%;\">\n  \t\t\t\t\t\t\t<img loading=\"lazy\" decoding=\"async\" width=\"2560\" height=\"947\" src=\"https:\/\/tiny.vn\/blog\/wp-content\/uploads\/2024\/07\/367723549_2601665396651309_8136845573051105505_n-scaled.jpg\" class=\"attachment-original size-original wp-post-image\" alt=\"Ph\u1ea7n m\u1ec1m gi\u1ea3m lag\" srcset=\"https:\/\/tiny.vn\/blog\/wp-content\/uploads\/2024\/07\/367723549_2601665396651309_8136845573051105505_n-scaled.jpg 2560w, https:\/\/tiny.vn\/blog\/wp-content\/uploads\/2024\/07\/367723549_2601665396651309_8136845573051105505_n-720x266.jpg 720w, https:\/\/tiny.vn\/blog\/wp-content\/uploads\/2024\/07\/367723549_2601665396651309_8136845573051105505_n-1920x710.jpg 1920w, https:\/\/tiny.vn\/blog\/wp-content\/uploads\/2024\/07\/367723549_2601665396651309_8136845573051105505_n-768x284.jpg 768w, https:\/\/tiny.vn\/blog\/wp-content\/uploads\/2024\/07\/367723549_2601665396651309_8136845573051105505_n-1536x568.jpg 1536w, https:\/\/tiny.vn\/blog\/wp-content\/uploads\/2024\/07\/367723549_2601665396651309_8136845573051105505_n-2048x758.jpg 2048w\" sizes=\"auto, (max-width: 2560px) 100vw, 2560px\" \/>  \t\t\t\t\t\t\t  \t\t\t\t\t\t\t  \t\t\t\t\t\t<\/div>\n  \t\t\t\t\t\t  \t\t\t\t\t<\/div>\n          \t\t\t\t\t<div class=\"box-text text-left\" >\n\t\t\t\t\t<div class=\"box-text-inner blog-post-inner\">\n\n\t\t\t\t\t\n\t\t\t\t\t\t\t\t\t\t<h5 class=\"post-title is-large \">Ph\u1ea7n m\u1ec1m gi\u1ea3m lag chuy\u00ean d\u1ee5ng<\/h5>\n\t\t\t\t\t<div class=\"post-meta is-small op-8\">05\/04\/2026<\/div>\t\t\t\t\t<div class=\"is-divider\"><\/div>\n\t\t\t\t\t\t\t\t\t\t<p class=\"from_the_blog_excerpt \">Ph\u1ea7n m\u1ec1m gi\u1ea3m lag chuy\u00ean d\u1ee5ng Trong th\u1eddi \u0111\u1ea1i c\u00f4ng ngh\u1ec7 game online \u0111ang ph\u00e1t tri\u1ec3n m\u1ea1nh m\u1ebd, vi\u1ec7c gi\u00e1n \u0111o\u1ea1n k\u1ebft n\u1ed1i hay hi\u1ec7n t\u01b0\u1ee3ng gi\u1eadt lag trong qu\u00e1 tr\u00ecnh ch\u01a1i game tr\u1ef1c tuy\u1ebfn \u0111\u00e3 tr\u1edf th\u00e0nh n\u1ed7i \u00e1m \u1ea3nh c\u1ee7a nhi\u1ec1u game th\u1ee7 Vi\u1ec7t. M\u1ed9t trong nh\u1eefng nguy\u00ean...\t\t\t\t\t<\/p>\n\t\t\t\t\t                    \n\t\t\t\t\t\n\t\t\t\t\t\n\t\t\t\t\t<\/div>\n\t\t\t\t\t<\/div>\n\t\t\t\t\t\t\t\t\t<\/div>\n\t\t\t\t<\/a>\n\t\t\t<\/div>\n\t\t<\/div><div class=\"col post-item\" data-animate=\"fadeInUp\">\n\t\t\t<div class=\"col-inner\">\n\t\t\t<a href=\"https:\/\/tiny.vn\/blog\/ung-dung-giam-ping-tot-nhat-cho-game-thu\/1276\/\" class=\"plain\">\n\t\t\t\t<div class=\"box box-normal box-text-bottom box-blog-post has-hover\">\n            \t\t\t\t\t<div class=\"box-image\" >\n  \t\t\t\t\t\t<div class=\"image-zoom-fade image-cover\" style=\"padding-top:56.25%;\">\n  \t\t\t\t\t\t\t<img loading=\"lazy\" decoding=\"async\" width=\"640\" height=\"480\" src=\"https:\/\/tiny.vn\/blog\/wp-content\/uploads\/2024\/12\/packet-loss-cho-quan-net.jpg\" class=\"attachment-original size-original wp-post-image\" alt=\"\u1ee8ng d\u1ee5ng gi\u1ea3m ping\" \/>  \t\t\t\t\t\t\t  \t\t\t\t\t\t\t  \t\t\t\t\t\t<\/div>\n  \t\t\t\t\t\t  \t\t\t\t\t<\/div>\n          \t\t\t\t\t<div class=\"box-text text-left\" >\n\t\t\t\t\t<div class=\"box-text-inner blog-post-inner\">\n\n\t\t\t\t\t\n\t\t\t\t\t\t\t\t\t\t<h5 class=\"post-title is-large \">\u1ee8ng d\u1ee5ng gi\u1ea3m ping t\u1ed1t nh\u1ea5t cho game th\u1ee7<\/h5>\n\t\t\t\t\t<div class=\"post-meta is-small op-8\">05\/04\/2026<\/div>\t\t\t\t\t<div class=\"is-divider\"><\/div>\n\t\t\t\t\t\t\t\t\t\t<p class=\"from_the_blog_excerpt \">\u1ee8ng d\u1ee5ng gi\u1ea3m ping t\u1ed1t nh\u1ea5t cho game th\u1ee7 \u0110\u1eebng \u0111\u1ec3 m\u1ed9t tr\u1eadn \u0111\u1ea5u c\u0103ng th\u1eb3ng l\u1ea1i r\u01a1i v\u00e0o b\u1ebf t\u1eafc, th\u1ea5t b\u1ea1i khi nh\u00e2n v\u1eadt c\u1ee7a b\u1ea1n b\u1ea5t ng\u1edd \u0111\u1ee9ng h\u00ecnh ho\u1eb7c k\u1ef9 n\u0103ng kh\u00f4ng \u0111\u01b0\u1ee3c tung ra \u0111\u00fang l\u00fac ch\u1ec9 v\u00ec ping cao. H\u00e3y ng\u0103n ch\u1eb7n nh\u1eefng tr\u1ea3i...\t\t\t\t\t<\/p>\n\t\t\t\t\t                    \n\t\t\t\t\t\n\t\t\t\t\t\n\t\t\t\t\t<\/div>\n\t\t\t\t\t<\/div>\n\t\t\t\t\t\t\t\t\t<\/div>\n\t\t\t\t<\/a>\n\t\t\t<\/div>\n\t\t<\/div><div class=\"col post-item\" data-animate=\"fadeInUp\">\n\t\t\t<div class=\"col-inner\">\n\t\t\t<a href=\"https:\/\/tiny.vn\/blog\/cach-giam-ping-cuc-nhanh-khi-choi-game\/1273\/\" class=\"plain\">\n\t\t\t\t<div class=\"box box-normal box-text-bottom box-blog-post has-hover\">\n            \t\t\t\t\t<div class=\"box-image\" >\n  \t\t\t\t\t\t<div class=\"image-zoom-fade image-cover\" style=\"padding-top:56.25%;\">\n  \t\t\t\t\t\t\t<img loading=\"lazy\" decoding=\"async\" width=\"600\" height=\"400\" src=\"https:\/\/tiny.vn\/blog\/wp-content\/uploads\/2024\/07\/giam-ping-khi-choi-game-ava.jpg\" class=\"attachment-original size-original wp-post-image\" alt=\"gi\u1ea3m ping\" srcset=\"https:\/\/tiny.vn\/blog\/wp-content\/uploads\/2024\/07\/giam-ping-khi-choi-game-ava.jpg 600w, https:\/\/tiny.vn\/blog\/wp-content\/uploads\/2024\/07\/giam-ping-khi-choi-game-ava-480x320.jpg 480w\" sizes=\"auto, (max-width: 600px) 100vw, 600px\" \/>  \t\t\t\t\t\t\t  \t\t\t\t\t\t\t  \t\t\t\t\t\t<\/div>\n  \t\t\t\t\t\t  \t\t\t\t\t<\/div>\n          \t\t\t\t\t<div class=\"box-text text-left\" >\n\t\t\t\t\t<div class=\"box-text-inner blog-post-inner\">\n\n\t\t\t\t\t\n\t\t\t\t\t\t\t\t\t\t<h5 class=\"post-title is-large \">C\u00e1ch gi\u1ea3m ping c\u1ef1c nhanh khi ch\u01a1i game<\/h5>\n\t\t\t\t\t<div class=\"post-meta is-small op-8\">05\/04\/2026<\/div>\t\t\t\t\t<div class=\"is-divider\"><\/div>\n\t\t\t\t\t\t\t\t\t\t<p class=\"from_the_blog_excerpt \">C\u00e1ch gi\u1ea3m ping c\u1ef1c nhanh khi ch\u01a1i game B\u1ea1n \u0111\u00e3 ph\u1ea3i tr\u1ea3i qua c\u1ea3m gi\u00e1c b\u1ef1c d\u1ecdc khi \u0111ang trong pha giao tranh quy\u1ebft \u0111\u1ecbnh nh\u01b0ng k\u1ef9 n\u0103ng nh\u00e2n v\u1eadt \u0111\u1ee9ng h\u00ecnh khi\u1ebfn \u0111\u1ed1i th\u1ee7 nhanh tay h\u1ea1 g\u1ee5c v\u00e0 n\u1eafm ch\u1eafc ph\u1ea7n th\u1eafng? Hay khi r\u01a1i v\u00e0o t\u00ecnh hu\u1ed1ng...\t\t\t\t\t<\/p>\n\t\t\t\t\t                    \n\t\t\t\t\t\n\t\t\t\t\t\n\t\t\t\t\t<\/div>\n\t\t\t\t\t<\/div>\n\t\t\t\t\t\t\t\t\t<\/div>\n\t\t\t\t<\/a>\n\t\t\t<\/div>\n\t\t<\/div><div class=\"col post-item\" data-animate=\"fadeInUp\">\n\t\t\t<div class=\"col-inner\">\n\t\t\t<a href=\"https:\/\/tiny.vn\/blog\/phan-mem-giam-ping-hieu-qua-cho-game-thu-viet\/1269\/\" class=\"plain\">\n\t\t\t\t<div class=\"box box-normal box-text-bottom box-blog-post has-hover\">\n            \t\t\t\t\t<div class=\"box-image\" >\n  \t\t\t\t\t\t<div class=\"image-zoom-fade image-cover\" style=\"padding-top:56.25%;\">\n  \t\t\t\t\t\t\t<img loading=\"lazy\" decoding=\"async\" width=\"1068\" height=\"658\" src=\"https:\/\/tiny.vn\/blog\/wp-content\/uploads\/2024\/08\/giam-ping-tiny.jpg\" class=\"attachment-original size-original wp-post-image\" alt=\"Ph\u1ea7n m\u1ec1m gi\u1ea3m lag\" srcset=\"https:\/\/tiny.vn\/blog\/wp-content\/uploads\/2024\/08\/giam-ping-tiny.jpg 1068w, https:\/\/tiny.vn\/blog\/wp-content\/uploads\/2024\/08\/giam-ping-tiny-720x444.jpg 720w, https:\/\/tiny.vn\/blog\/wp-content\/uploads\/2024\/08\/giam-ping-tiny-768x473.jpg 768w\" sizes=\"auto, (max-width: 1068px) 100vw, 1068px\" \/>  \t\t\t\t\t\t\t  \t\t\t\t\t\t\t  \t\t\t\t\t\t<\/div>\n  \t\t\t\t\t\t  \t\t\t\t\t<\/div>\n          \t\t\t\t\t<div class=\"box-text text-left\" >\n\t\t\t\t\t<div class=\"box-text-inner blog-post-inner\">\n\n\t\t\t\t\t\n\t\t\t\t\t\t\t\t\t\t<h5 class=\"post-title is-large \">Ph\u1ea7n m\u1ec1m gi\u1ea3m ping hi\u1ec7u qu\u1ea3 cho game th\u1ee7 Vi\u1ec7t<\/h5>\n\t\t\t\t\t<div class=\"post-meta is-small op-8\">04\/28\/2026<\/div>\t\t\t\t\t<div class=\"is-divider\"><\/div>\n\t\t\t\t\t\t\t\t\t\t<p class=\"from_the_blog_excerpt \">Ph\u1ea7n m\u1ec1m gi\u1ea3m ping hi\u1ec7u qu\u1ea3 cho game th\u1ee7 Vi\u1ec7t V\u1edbi s\u1ef1 ph\u00e1t tri\u1ec3n kh\u00f4ng ng\u1eebng c\u1ee7a ng\u00e0nh c\u00f4ng nghi\u1ec7p game online, vi\u1ec7c ping \u0111\u1ed9t ng\u1ed9t t\u0103ng cao l\u00e0 m\u1ed9t trong nh\u1eefng y\u1ebfu t\u1ed1 khi\u1ebfn game th\u1ee7 m\u1ea5t \u0111i nh\u1eefng tr\u1ea3i nghi\u1ec7m gi\u1ea3i tr\u00ed h\u1ea5p d\u1eabn v\u00e0 bi\u1ebfn kho\u1ea3nh kh\u1eafc...\t\t\t\t\t<\/p>\n\t\t\t\t\t                    \n\t\t\t\t\t\n\t\t\t\t\t\n\t\t\t\t\t<\/div>\n\t\t\t\t\t<\/div>\n\t\t\t\t\t\t\t\t\t<\/div>\n\t\t\t\t<\/a>\n\t\t\t<\/div>\n\t\t<\/div><div class=\"col post-item\" data-animate=\"fadeInUp\">\n\t\t\t<div class=\"col-inner\">\n\t\t\t<a href=\"https:\/\/tiny.vn\/blog\/phan-mem-tang-toc-do-mang-cho-pc\/1266\/\" class=\"plain\">\n\t\t\t\t<div class=\"box box-normal box-text-bottom box-blog-post has-hover\">\n            \t\t\t\t\t<div class=\"box-image\" >\n  \t\t\t\t\t\t<div class=\"image-zoom-fade image-cover\" style=\"padding-top:56.25%;\">\n  \t\t\t\t\t\t\t<img loading=\"lazy\" decoding=\"async\" width=\"1076\" height=\"548\" src=\"https:\/\/tiny.vn\/blog\/wp-content\/uploads\/2024\/07\/PHAN-MEM-EXITLAG-TINY.png\" class=\"attachment-original size-original wp-post-image\" alt=\"Ph\u1ea7n m\u1ec1m t\u0103ng t\u1ed1c \u0111\u1ed9 m\u1ea1ng\" srcset=\"https:\/\/tiny.vn\/blog\/wp-content\/uploads\/2024\/07\/PHAN-MEM-EXITLAG-TINY.png 1076w, https:\/\/tiny.vn\/blog\/wp-content\/uploads\/2024\/07\/PHAN-MEM-EXITLAG-TINY-720x367.png 720w, https:\/\/tiny.vn\/blog\/wp-content\/uploads\/2024\/07\/PHAN-MEM-EXITLAG-TINY-768x391.png 768w\" sizes=\"auto, (max-width: 1076px) 100vw, 1076px\" \/>  \t\t\t\t\t\t\t  \t\t\t\t\t\t\t  \t\t\t\t\t\t<\/div>\n  \t\t\t\t\t\t  \t\t\t\t\t<\/div>\n          \t\t\t\t\t<div class=\"box-text text-left\" >\n\t\t\t\t\t<div class=\"box-text-inner blog-post-inner\">\n\n\t\t\t\t\t\n\t\t\t\t\t\t\t\t\t\t<h5 class=\"post-title is-large \">Ph\u1ea7n m\u1ec1m t\u0103ng t\u1ed1c \u0111\u1ed9 m\u1ea1ng cho PC<\/h5>\n\t\t\t\t\t<div class=\"post-meta is-small op-8\">03\/29\/2026<\/div>\t\t\t\t\t<div class=\"is-divider\"><\/div>\n\t\t\t\t\t\t\t\t\t\t<p class=\"from_the_blog_excerpt \">Ph\u1ea7n m\u1ec1m t\u0103ng t\u1ed1c \u0111\u1ed9 m\u1ea1ng cho PC Trong th\u1eddi \u0111\u1ea1i c\u00f4ng ngh\u1ec7 s\u1ed1 hi\u1ec7n nay, PC kh\u00f4ng ch\u1ec9 l\u00e0 m\u1ed9t c\u00f4ng c\u1ee5 \u0111\u1ec3 l\u00e0m vi\u1ec7c m\u00e0 c\u00f2n l\u00e0 trung t\u00e2m gi\u1ea3i tr\u00ed, h\u1ecdc t\u1eadp v\u00e0 k\u1ebft n\u1ed1i giao l\u01b0u to\u00e0n c\u1ea7u. Tuy nhi\u00ean, trong qu\u00e1 tr\u00ecnh s\u1eed d\u1ee5ng PC,...\t\t\t\t\t<\/p>\n\t\t\t\t\t                    \n\t\t\t\t\t\n\t\t\t\t\t\n\t\t\t\t\t<\/div>\n\t\t\t\t\t<\/div>\n\t\t\t\t\t\t\t\t\t<\/div>\n\t\t\t\t<\/a>\n\t\t\t<\/div>\n\t\t<\/div><div class=\"col post-item\" data-animate=\"fadeInUp\">\n\t\t\t<div class=\"col-inner\">\n\t\t\t<a href=\"https:\/\/tiny.vn\/blog\/ung-dung-giam-lag-cho-game-thu\/1264\/\" class=\"plain\">\n\t\t\t\t<div class=\"box box-normal box-text-bottom box-blog-post has-hover\">\n            \t\t\t\t\t<div class=\"box-image\" >\n  \t\t\t\t\t\t<div class=\"image-zoom-fade image-cover\" style=\"padding-top:56.25%;\">\n  \t\t\t\t\t\t\t<img loading=\"lazy\" decoding=\"async\" width=\"1083\" height=\"626\" src=\"https:\/\/tiny.vn\/blog\/wp-content\/uploads\/2024\/07\/phan-mem-giam-lag.png\" class=\"attachment-original size-original wp-post-image\" alt=\"Ph\u1ea7n m\u1ec1m t\u0103ng t\u1ed1c \u0111\u1ed9 m\u1ea1ng\" srcset=\"https:\/\/tiny.vn\/blog\/wp-content\/uploads\/2024\/07\/phan-mem-giam-lag.png 1083w, https:\/\/tiny.vn\/blog\/wp-content\/uploads\/2024\/07\/phan-mem-giam-lag-720x416.png 720w, https:\/\/tiny.vn\/blog\/wp-content\/uploads\/2024\/07\/phan-mem-giam-lag-768x444.png 768w\" sizes=\"auto, (max-width: 1083px) 100vw, 1083px\" \/>  \t\t\t\t\t\t\t  \t\t\t\t\t\t\t  \t\t\t\t\t\t<\/div>\n  \t\t\t\t\t\t  \t\t\t\t\t<\/div>\n          \t\t\t\t\t<div class=\"box-text text-left\" >\n\t\t\t\t\t<div class=\"box-text-inner blog-post-inner\">\n\n\t\t\t\t\t\n\t\t\t\t\t\t\t\t\t\t<h5 class=\"post-title is-large \">\u1ee8ng d\u1ee5ng gi\u1ea3m lag cho game th\u1ee7<\/h5>\n\t\t\t\t\t<div class=\"post-meta is-small op-8\">03\/28\/2026<\/div>\t\t\t\t\t<div class=\"is-divider\"><\/div>\n\t\t\t\t\t\t\t\t\t\t<p class=\"from_the_blog_excerpt \">\u1ee8ng d\u1ee5ng gi\u1ea3m lag cho game th\u1ee7 Gi\u1eadt lag khi ch\u01a1i game lu\u00f4n l\u00e0 \u0111i\u1ec1u m\u00e0 nhi\u1ec1u game th\u1ee7 \u00e1m \u1ea3nh, ch\u1ec9 v\u1edbi m\u1ed9t c\u00fa click ch\u1eadm n\u1eeda gi\u00e2y c\u0169ng \u0111\u00e3 khi\u1ebfn pha x\u1eed l\u00fd k\u1ef9 n\u0103ng khi chi\u1ebfn game b\u1ecb h\u1ee5t hay m\u1ed9t l\u1ea7n disconnect c\u0169ng c\u00f3 th\u1ec3 l\u00e0...\t\t\t\t\t<\/p>\n\t\t\t\t\t                    \n\t\t\t\t\t\n\t\t\t\t\t\n\t\t\t\t\t<\/div>\n\t\t\t\t\t<\/div>\n\t\t\t\t\t\t\t\t\t<\/div>\n\t\t\t\t<\/a>\n\t\t\t<\/div>\n\t\t<\/div><div class=\"col post-item\" data-animate=\"fadeInUp\">\n\t\t\t<div class=\"col-inner\">\n\t\t\t<a href=\"https:\/\/tiny.vn\/blog\/cho-thue-may-chu-ao-choi-game\/1261\/\" class=\"plain\">\n\t\t\t\t<div class=\"box box-normal box-text-bottom box-blog-post has-hover\">\n            \t\t\t\t\t<div class=\"box-image\" >\n  \t\t\t\t\t\t<div class=\"image-zoom-fade image-cover\" style=\"padding-top:56.25%;\">\n  \t\t\t\t\t\t\t<img loading=\"lazy\" decoding=\"async\" width=\"1024\" height=\"576\" src=\"https:\/\/tiny.vn\/blog\/wp-content\/uploads\/2025\/08\/thue-vps-theo-gio.jpg\" class=\"attachment-original size-original wp-post-image\" alt=\"thu\u00ea m\u00e1y ch\u1ee7 \u1ea3o ch\u01a1i game\" srcset=\"https:\/\/tiny.vn\/blog\/wp-content\/uploads\/2025\/08\/thue-vps-theo-gio.jpg 1024w, https:\/\/tiny.vn\/blog\/wp-content\/uploads\/2025\/08\/thue-vps-theo-gio-720x405.jpg 720w, https:\/\/tiny.vn\/blog\/wp-content\/uploads\/2025\/08\/thue-vps-theo-gio-768x432.jpg 768w\" sizes=\"auto, (max-width: 1024px) 100vw, 1024px\" \/>  \t\t\t\t\t\t\t  \t\t\t\t\t\t\t  \t\t\t\t\t\t<\/div>\n  \t\t\t\t\t\t  \t\t\t\t\t<\/div>\n          \t\t\t\t\t<div class=\"box-text text-left\" >\n\t\t\t\t\t<div class=\"box-text-inner blog-post-inner\">\n\n\t\t\t\t\t\n\t\t\t\t\t\t\t\t\t\t<h5 class=\"post-title is-large \">Cho thu\u00ea m\u00e1y ch\u1ee7 \u1ea3o ch\u01a1i game<\/h5>\n\t\t\t\t\t<div class=\"post-meta is-small op-8\">03\/28\/2026<\/div>\t\t\t\t\t<div class=\"is-divider\"><\/div>\n\t\t\t\t\t\t\t\t\t\t<p class=\"from_the_blog_excerpt \">Cho thu\u00ea m\u00e1y ch\u1ee7 \u1ea3o ch\u01a1i game N\u1ec1n t\u1ea3ng game gi\u1ea3i tr\u00ed hi\u1ec7n nay \u0111ang d\u1ea7n ph\u00e1t tri\u1ec3n m\u1ea1nh m\u1ebd, k\u00e9o theo \u0111\u00f3 l\u00e0 nhu c\u1ea7u x\u00e2y d\u1ef1ng m\u1ed9t m\u00e1y ch\u1ee7 ri\u00eang v\u1eeba c\u00f3 th\u1ec3 ch\u01a1i game, qu\u1ea3n l\u00fd c\u1ed9ng \u0111\u1ed3ng ho\u1eb7c v\u1eadn h\u00e0nh h\u1ec7 th\u1ed1ng game ng\u00e0y m\u1ed9t ph\u1ed5...\t\t\t\t\t<\/p>\n\t\t\t\t\t                    \n\t\t\t\t\t\n\t\t\t\t\t\n\t\t\t\t\t<\/div>\n\t\t\t\t\t<\/div>\n\t\t\t\t\t\t\t\t\t<\/div>\n\t\t\t\t<\/a>\n\t\t\t<\/div>\n\t\t<\/div><div class=\"col post-item\" data-animate=\"fadeInUp\">\n\t\t\t<div class=\"col-inner\">\n\t\t\t<a href=\"https:\/\/tiny.vn\/blog\/cach-giam-lag-hieu-qua-khi-choi-game-online\/1258\/\" class=\"plain\">\n\t\t\t\t<div class=\"box box-normal box-text-bottom box-blog-post has-hover\">\n            \t\t\t\t\t<div class=\"box-image\" >\n  \t\t\t\t\t\t<div class=\"image-zoom-fade image-cover\" style=\"padding-top:56.25%;\">\n  \t\t\t\t\t\t\t<img loading=\"lazy\" decoding=\"async\" width=\"800\" height=\"450\" src=\"https:\/\/tiny.vn\/blog\/wp-content\/uploads\/2024\/07\/Phan-mem-giam-ping-1.jpg\" class=\"attachment-original size-original wp-post-image\" alt=\"gi\u1ea3m lag hi\u1ec7u qu\u1ea3 khi ch\u01a1i game online\" srcset=\"https:\/\/tiny.vn\/blog\/wp-content\/uploads\/2024\/07\/Phan-mem-giam-ping-1.jpg 800w, https:\/\/tiny.vn\/blog\/wp-content\/uploads\/2024\/07\/Phan-mem-giam-ping-1-720x405.jpg 720w, https:\/\/tiny.vn\/blog\/wp-content\/uploads\/2024\/07\/Phan-mem-giam-ping-1-768x432.jpg 768w\" sizes=\"auto, (max-width: 800px) 100vw, 800px\" \/>  \t\t\t\t\t\t\t  \t\t\t\t\t\t\t  \t\t\t\t\t\t<\/div>\n  \t\t\t\t\t\t  \t\t\t\t\t<\/div>\n          \t\t\t\t\t<div class=\"box-text text-left\" >\n\t\t\t\t\t<div class=\"box-text-inner blog-post-inner\">\n\n\t\t\t\t\t\n\t\t\t\t\t\t\t\t\t\t<h5 class=\"post-title is-large \">C\u00e1ch gi\u1ea3m lag hi\u1ec7u qu\u1ea3 khi ch\u01a1i game online<\/h5>\n\t\t\t\t\t<div class=\"post-meta is-small op-8\">03\/09\/2026<\/div>\t\t\t\t\t<div class=\"is-divider\"><\/div>\n\t\t\t\t\t\t\t\t\t\t<p class=\"from_the_blog_excerpt \">C\u00e1ch gi\u1ea3m lag hi\u1ec7u qu\u1ea3 khi ch\u01a1i game online Trong su\u1ed1t qu\u00e1 tr\u00ecnh ch\u01a1i game online, \u0111i\u1ec1u g\u00e2y n\u00ean n\u1ed5i \u00e1m \u1ea3nh c\u1ee7a game th\u1ee7 ch\u00ednh l\u00e0 t\u00ecnh tr\u1ea1ng gi\u1eadt lag li\u00ean t\u1ee5c v\u00f4 t\u00ecnh t\u1ea1o n\u00ean r\u00e0o c\u1ea3n l\u1edbn khi\u1ebfn cho nhi\u1ec1u tr\u1eadn \u0111\u1ea5u b\u1ecb thua th\u1ea3m b\u1ea1i d\u00f9...\t\t\t\t\t<\/p>\n\t\t\t\t\t                    \n\t\t\t\t\t\n\t\t\t\t\t\n\t\t\t\t\t<\/div>\n\t\t\t\t\t<\/div>\n\t\t\t\t\t\t\t\t\t<\/div>\n\t\t\t\t<\/a>\n\t\t\t<\/div>\n\t\t<\/div><div class=\"col post-item\" data-animate=\"fadeInUp\">\n\t\t\t<div class=\"col-inner\">\n\t\t\t<a href=\"https:\/\/tiny.vn\/blog\/dich-vu-cho-thue-game-ban-quyen-gia-re\/1256\/\" class=\"plain\">\n\t\t\t\t<div class=\"box box-normal box-text-bottom box-blog-post has-hover\">\n            \t\t\t\t\t<div class=\"box-image\" >\n  \t\t\t\t\t\t<div class=\"image-zoom-fade image-cover\" style=\"padding-top:56.25%;\">\n  \t\t\t\t\t\t\t<img loading=\"lazy\" decoding=\"async\" width=\"1200\" height=\"675\" src=\"https:\/\/tiny.vn\/blog\/wp-content\/uploads\/2025\/07\/valorant.jpg\" class=\"attachment-original size-original wp-post-image\" alt=\"thu\u00ea game b\u1ea3n quy\u1ec1n gi\u00e1 r\u1ebb\" srcset=\"https:\/\/tiny.vn\/blog\/wp-content\/uploads\/2025\/07\/valorant.jpg 1200w, https:\/\/tiny.vn\/blog\/wp-content\/uploads\/2025\/07\/valorant-720x405.jpg 720w, https:\/\/tiny.vn\/blog\/wp-content\/uploads\/2025\/07\/valorant-768x432.jpg 768w\" sizes=\"auto, (max-width: 1200px) 100vw, 1200px\" \/>  \t\t\t\t\t\t\t  \t\t\t\t\t\t\t  \t\t\t\t\t\t<\/div>\n  \t\t\t\t\t\t  \t\t\t\t\t<\/div>\n          \t\t\t\t\t<div class=\"box-text text-left\" >\n\t\t\t\t\t<div class=\"box-text-inner blog-post-inner\">\n\n\t\t\t\t\t\n\t\t\t\t\t\t\t\t\t\t<h5 class=\"post-title is-large \">D\u1ecbch v\u1ee5 cho thu\u00ea game b\u1ea3n quy\u1ec1n gi\u00e1 r\u1ebb<\/h5>\n\t\t\t\t\t<div class=\"post-meta is-small op-8\">03\/09\/2026<\/div>\t\t\t\t\t<div class=\"is-divider\"><\/div>\n\t\t\t\t\t\t\t\t\t\t<p class=\"from_the_blog_excerpt \">D\u1ecbch v\u1ee5 cho thu\u00ea game b\u1ea3n quy\u1ec1n gi\u00e1 r\u1ebb Trong ng\u00e0nh c\u00f4ng nghi\u1ec7p game hi\u1ec7n nay, game b\u1ea3n quy\u1ec1n \u0111ang tr\u1edf th\u00e0nh l\u1ef1a ch\u1ecdn h\u00e0ng \u0111\u1ea7u c\u1ee7a c\u00e1c game th\u1ee7. Vi\u1ec7c s\u1eed d\u1ee5ng phi\u00ean b\u1ea3n ch\u00ednh th\u1ee9c c\u1ee7a game kh\u00f4ng ch\u1ec9 mang \u0111\u1ebfn cho ng\u01b0\u1eddi ch\u01a1i m\u1ed9t tr\u1ea3i nghi\u1ec7m \u0111\u1ea7y...\t\t\t\t\t<\/p>\n\t\t\t\t\t                    \n\t\t\t\t\t\n\t\t\t\t\t\n\t\t\t\t\t<\/div>\n\t\t\t\t\t<\/div>\n\t\t\t\t\t\t\t\t\t<\/div>\n\t\t\t\t<\/a>\n\t\t\t<\/div>\n\t\t<\/div><\/div>\n\t\t<\/div>\n\n\t\t\n<style>\n#section_1148774108 {\n  padding-top: 30px;\n  padding-bottom: 30px;\n}\n#section_1148774108 .section-bg.bg-loaded {\n  background-image: url(https:\/\/tiny.vn\/blog\/wp-content\/uploads\/2024\/02\/home_feature__bg.webp);\n}\n#section_1148774108 .section-bg {\n  background-position: top right;\n}\n#section_1148774108 .ux-shape-divider--top svg {\n  height: 150px;\n  --divider-top-width: 100%;\n}\n#section_1148774108 .ux-shape-divider--bottom svg {\n  height: 150px;\n  --divider-width: 100%;\n}\n<\/style>\n\t<\/section>\n\t\n","protected":false},"excerpt":{"rendered":"","protected":false},"author":1,"featured_media":0,"parent":0,"menu_order":0,"comment_status":"closed","ping_status":"closed","template":"","meta":{"footnotes":""},"class_list":["post-106","page","type-page","status-publish","hentry"],"_links":{"self":[{"href":"https:\/\/tiny.vn\/blog\/wp-json\/wp\/v2\/pages\/106","targetHints":{"allow":["GET"]}}],"collection":[{"href":"https:\/\/tiny.vn\/blog\/wp-json\/wp\/v2\/pages"}],"about":[{"href":"https:\/\/tiny.vn\/blog\/wp-json\/wp\/v2\/types\/page"}],"author":[{"embeddable":true,"href":"https:\/\/tiny.vn\/blog\/wp-json\/wp\/v2\/users\/1"}],"replies":[{"embeddable":true,"href":"https:\/\/tiny.vn\/blog\/wp-json\/wp\/v2\/comments?post=106"}],"version-history":[{"count":15,"href":"https:\/\/tiny.vn\/blog\/wp-json\/wp\/v2\/pages\/106\/revisions"}],"predecessor-version":[{"id":292,"href":"https:\/\/tiny.vn\/blog\/wp-json\/wp\/v2\/pages\/106\/revisions\/292"}],"wp:attachment":[{"href":"https:\/\/tiny.vn\/blog\/wp-json\/wp\/v2\/media?parent=106"}],"curies":[{"name":"wp","href":"https:\/\/api.w.org\/{rel}","templated":true}]}}